{"id":71,"date":"2025-05-29T13:37:50","date_gmt":"2025-05-29T11:37:50","guid":{"rendered":"https:\/\/scholze-institut.de\/?page_id=71"},"modified":"2025-06-01T11:41:37","modified_gmt":"2025-06-01T09:41:37","slug":"portrait","status":"publish","type":"page","link":"https:\/\/scholze-institut.de\/?page_id=71","title":{"rendered":"Portrait"},"content":{"rendered":"\n<p class=\"has-text-align-center\">Das&nbsp;<strong>SCHOLZE<\/strong>&nbsp;INSTITUT wurde am 26. Februar 2021 von&nbsp;<strong><a href=\"https:\/\/holger-scholze.de\/\" target=\"_blank\" rel=\"noreferrer noopener\">Holger Scholze<\/a><\/strong>&nbsp;gegr\u00fcndet. Es umfasst drei Gesch\u00e4ftsbereiche, welche die umfangreichen beruflichen und pers\u00f6nlichen Erfahrungen des&nbsp;Gr\u00fcnders&nbsp;subsumieren.<\/p>\n\n\n\n<h3 class=\"wp-block-heading has-text-align-center\"><mark style=\"background-color:rgba(0, 0, 0, 0);color:#e49a2b\" class=\"has-inline-color\">KAPITALMARKTANALYSE<\/mark><\/h3>\n\n\n\n<p class=\"has-text-align-center\">Durchf\u00fchrung von Kapitalmarktanalysen, insbesondere die Erstellung von wissenschaftlich fundierten Analysen zu den Vorg\u00e4ngen an den internationalen Finanzm\u00e4rkten unter Ber\u00fccksichtigung geopolitischer Ereignisse sowie fiskalpolitischer, geldpolitischer und unternehmerischer Entscheidungen.<\/p>\n\n\n\n<h3 class=\"wp-block-heading has-text-align-center\"><mark style=\"background-color:rgba(0, 0, 0, 0);color:#e49a2b\" class=\"has-inline-color\">FINANZIELLE BILDUNG<\/mark><\/h3>\n\n\n\n<p class=\"has-text-align-center\">Organisation und Durchf\u00fchrung von Vortr\u00e4gen, Seminaren, Webinaren und Lehrg\u00e4ngen zur Bildung, haupts\u00e4chlich im Bereich \u201eWirtschaft, Finanzen und B\u00f6rse\u201c, insbesondere an Hochschulen, Universit\u00e4ten und weiteren Bildungseinrichtungen, auf Fachmessen, Kongressen und bei sonstigen Veranstaltungen in Deutschland, \u00d6sterreich und der Schweiz. Schwerpunkt ist die Dozentent\u00e4tigkeit.<\/p>\n\n\n\n<h3 class=\"wp-block-heading has-text-align-center\"><mark style=\"background-color:rgba(0, 0, 0, 0);color:#e49a2b\" class=\"has-inline-color\">MEDIALE KOMMUNIKATION<\/mark><\/h3>\n\n\n\n<p class=\"has-text-align-center\">Weiterer Gegenstand der Gesellschaft ist das Verfassen von Artikeln, Beitr\u00e4gen und Kolumnen f\u00fcr Zeitungen, Zeitschriften und Internetdienste, vorwiegend zum Themenkreis &#8222;Wirtschaft und B\u00f6rse&#8220;. Dazu kommen Publikationen von Fachb\u00fcchern und eigenen Magazinen, die Produktion von Podcasts und Lehrvideos sowie die Durchf\u00fchrung von Seminaren zur Pers\u00f6nlichkeitsentwicklung im Hinblick auf Kamera- und B\u00fchnenauftritte. Einen Schwerpunkt bildet das Individual-Coaching sowie die Medienberatung f\u00fcr F\u00fchrungskr\u00e4fte.<\/p>\n","protected":false},"excerpt":{"rendered":"<p>Das&nbsp;SCHOLZE&nbsp;INSTITUT wurde am 26. Februar 2021 von&nbsp;Holger Scholze&nbsp;gegr\u00fcndet. Es umfasst drei Gesch\u00e4ftsbereiche, welche die umfangreichen beruflichen und pers\u00f6nlichen Erfahrungen des&nbsp;Gr\u00fcnders&nbsp;subsumieren. KAPITALMARKTANALYSE Durchf\u00fchrung von Kapitalmarktanalysen, insbesondere die Erstellung von wissenschaftlich fundierten Analysen zu den Vorg\u00e4ngen an den internationalen Finanzm\u00e4rkten unter Ber\u00fccksichtigung geopolitischer Ereignisse sowie fiskalpolitischer, geldpolitischer und unternehmerischer Entscheidungen. FINANZIELLE BILDUNG Organisation und Durchf\u00fchrung von Vortr\u00e4gen, [&hellip;]<\/p>\n","protected":false},"author":2,"featured_media":0,"parent":0,"menu_order":0,"comment_status":"closed","ping_status":"closed","template":"","meta":{"footnotes":""},"class_list":["post-71","page","type-page","status-publish","hentry"],"_links":{"self":[{"href":"https:\/\/scholze-institut.de\/index.php?rest_route=\/wp\/v2\/pages\/71","targetHints":{"allow":["GET"]}}],"collection":[{"href":"https:\/\/scholze-institut.de\/index.php?rest_route=\/wp\/v2\/pages"}],"about":[{"href":"https:\/\/scholze-institut.de\/index.php?rest_route=\/wp\/v2\/types\/page"}],"author":[{"embeddable":true,"href":"https:\/\/scholze-institut.de\/index.php?rest_route=\/wp\/v2\/users\/2"}],"replies":[{"embeddable":true,"href":"https:\/\/scholze-institut.de\/index.php?rest_route=%2Fwp%2Fv2%2Fcomments&post=71"}],"version-history":[{"count":13,"href":"https:\/\/scholze-institut.de\/index.php?rest_route=\/wp\/v2\/pages\/71\/revisions"}],"predecessor-version":[{"id":173,"href":"https:\/\/scholze-institut.de\/index.php?rest_route=\/wp\/v2\/pages\/71\/revisions\/173"}],"wp:attachment":[{"href":"https:\/\/scholze-institut.de\/index.php?rest_route=%2Fwp%2Fv2%2Fmedia&parent=71"}],"curies":[{"name":"wp","href":"https:\/\/api.w.org\/{rel}","templated":true}]}}